{"id":10,"date":"2026-02-07T20:08:58","date_gmt":"2026-02-07T20:08:58","guid":{"rendered":"https:\/\/the-sword.net\/index.php\/mein-konto\/"},"modified":"2026-02-16T09:43:00","modified_gmt":"2026-02-16T08:43:00","slug":"mein-konto","status":"publish","type":"page","link":"https:\/\/www.the-sword.net\/index.php\/mein-konto\/","title":{"rendered":"Dein Konto"},"content":{"rendered":"<div class=\"woocommerce\"><\/div>\n","protected":false},"excerpt":{"rendered":"","protected":false},"author":1,"featured_media":0,"parent":0,"menu_order":0,"comment_status":"closed","ping_status":"closed","template":"","meta":{"footnotes":""},"class_list":["post-10","page","type-page","status-publish","hentry"],"yoast_head":"<!-- This site is optimized with the Yoast SEO plugin v27.2 - https:\/\/yoast.com\/product\/yoast-seo-wordpress\/ -->\n<title>Dein Konto - Andere Produkte und Tipps f\u00fcr Billard<\/title>\n<meta name=\"robots\" content=\"index, follow, max-snippet:-1, max-image-preview:large, max-video-preview:-1\" \/>\n<link rel=\"canonical\" href=\"https:\/\/www.the-sword.net\/index.php\/mein-konto\/\" \/>\n<meta property=\"og:locale\" content=\"de_DE\" \/>\n<meta property=\"og:type\" content=\"article\" \/>\n<meta property=\"og:title\" content=\"Dein Konto - Andere Produkte und Tipps f\u00fcr Billard\" \/>\n<meta property=\"og:url\" content=\"https:\/\/www.the-sword.net\/index.php\/mein-konto\/\" \/>\n<meta property=\"og:site_name\" content=\"Andere Produkte und Tipps f\u00fcr Billard\" \/>\n<meta property=\"article:publisher\" content=\"https:\/\/www.facebook.com\/profile.php?id=61587312563853\" \/>\n<meta property=\"article:modified_time\" content=\"2026-02-16T08:43:00+00:00\" \/>\n<meta name=\"twitter:card\" content=\"summary_large_image\" \/>\n<meta name=\"twitter:label1\" content=\"Gesch\u00e4tzte Lesezeit\" \/>\n\t<meta name=\"twitter:data1\" content=\"1\u00a0Minute\" \/>\n<script type=\"application\/ld+json\" class=\"yoast-schema-graph\">{\"@context\":\"https:\/\/schema.org\",\"@graph\":[{\"@type\":\"WebPage\",\"@id\":\"https:\/\/www.the-sword.net\/index.php\/mein-konto\/\",\"url\":\"https:\/\/www.the-sword.net\/index.php\/mein-konto\/\",\"name\":\"Dein Konto - Andere Produkte und Tipps f\u00fcr Billard\",\"isPartOf\":{\"@id\":\"https:\/\/www.the-sword.net\/#website\"},\"datePublished\":\"2026-02-07T20:08:58+00:00\",\"dateModified\":\"2026-02-16T08:43:00+00:00\",\"breadcrumb\":{\"@id\":\"https:\/\/www.the-sword.net\/index.php\/mein-konto\/#breadcrumb\"},\"inLanguage\":\"de\",\"potentialAction\":[{\"@type\":\"ReadAction\",\"target\":[\"https:\/\/www.the-sword.net\/index.php\/mein-konto\/\"]}]},{\"@type\":\"BreadcrumbList\",\"@id\":\"https:\/\/www.the-sword.net\/index.php\/mein-konto\/#breadcrumb\",\"itemListElement\":[{\"@type\":\"ListItem\",\"position\":1,\"name\":\"Start\",\"item\":\"https:\/\/www.the-sword.net\/\"},{\"@type\":\"ListItem\",\"position\":2,\"name\":\"Dein Konto\"}]},{\"@type\":\"WebSite\",\"@id\":\"https:\/\/www.the-sword.net\/#website\",\"url\":\"https:\/\/www.the-sword.net\/\",\"name\":\"The Sword\",\"description\":\"Billard ist mehr als ein Spiel \u2013 es ist Gef\u00fchl, Fokus und der perfekte Moment. Genau daf\u00fcr entwickeln wir hochwertiges Billardzubeh\u00f6r und innovative Trainingswerkzeuge, die aus echter Leidenschaft entstanden sind. F\u00fcr alle, die ihr Spiel nicht dem Zufall \u00fcberlassen, sondern sich mit jedem Sto\u00df verbessern wollen.\",\"publisher\":{\"@id\":\"https:\/\/www.the-sword.net\/#organization\"},\"potentialAction\":[{\"@type\":\"SearchAction\",\"target\":{\"@type\":\"EntryPoint\",\"urlTemplate\":\"https:\/\/www.the-sword.net\/?s={search_term_string}\"},\"query-input\":{\"@type\":\"PropertyValueSpecification\",\"valueRequired\":true,\"valueName\":\"search_term_string\"}}],\"inLanguage\":\"de\"},{\"@type\":\"Organization\",\"@id\":\"https:\/\/www.the-sword.net\/#organization\",\"name\":\"The Sword\",\"url\":\"https:\/\/www.the-sword.net\/\",\"logo\":{\"@type\":\"ImageObject\",\"inLanguage\":\"de\",\"@id\":\"https:\/\/www.the-sword.net\/#\/schema\/logo\/image\/\",\"url\":\"https:\/\/www.the-sword.net\/wp-content\/uploads\/2026\/02\/cropped-TheSword_20260127_Rund_Icon_ganzKlein.png\",\"contentUrl\":\"https:\/\/www.the-sword.net\/wp-content\/uploads\/2026\/02\/cropped-TheSword_20260127_Rund_Icon_ganzKlein.png\",\"width\":180,\"height\":82,\"caption\":\"The Sword\"},\"image\":{\"@id\":\"https:\/\/www.the-sword.net\/#\/schema\/logo\/image\/\"},\"sameAs\":[\"https:\/\/www.facebook.com\/profile.php?id=61587312563853\",\"https:\/\/www.instagram.com\/the.sword71\/\"]}]}<\/script>\n<!-- \/ Yoast SEO plugin. -->","yoast_head_json":{"title":"Dein Konto - Andere Produkte und Tipps f\u00fcr Billard","robots":{"index":"index","follow":"follow","max-snippet":"max-snippet:-1","max-image-preview":"max-image-preview:large","max-video-preview":"max-video-preview:-1"},"canonical":"https:\/\/www.the-sword.net\/index.php\/mein-konto\/","og_locale":"de_DE","og_type":"article","og_title":"Dein Konto - Andere Produkte und Tipps f\u00fcr Billard","og_url":"https:\/\/www.the-sword.net\/index.php\/mein-konto\/","og_site_name":"Andere Produkte und Tipps f\u00fcr Billard","article_publisher":"https:\/\/www.facebook.com\/profile.php?id=61587312563853","article_modified_time":"2026-02-16T08:43:00+00:00","twitter_card":"summary_large_image","twitter_misc":{"Gesch\u00e4tzte Lesezeit":"1\u00a0Minute"},"schema":{"@context":"https:\/\/schema.org","@graph":[{"@type":"WebPage","@id":"https:\/\/www.the-sword.net\/index.php\/mein-konto\/","url":"https:\/\/www.the-sword.net\/index.php\/mein-konto\/","name":"Dein Konto - Andere Produkte und Tipps f\u00fcr Billard","isPartOf":{"@id":"https:\/\/www.the-sword.net\/#website"},"datePublished":"2026-02-07T20:08:58+00:00","dateModified":"2026-02-16T08:43:00+00:00","breadcrumb":{"@id":"https:\/\/www.the-sword.net\/index.php\/mein-konto\/#breadcrumb"},"inLanguage":"de","potentialAction":[{"@type":"ReadAction","target":["https:\/\/www.the-sword.net\/index.php\/mein-konto\/"]}]},{"@type":"BreadcrumbList","@id":"https:\/\/www.the-sword.net\/index.php\/mein-konto\/#breadcrumb","itemListElement":[{"@type":"ListItem","position":1,"name":"Start","item":"https:\/\/www.the-sword.net\/"},{"@type":"ListItem","position":2,"name":"Dein Konto"}]},{"@type":"WebSite","@id":"https:\/\/www.the-sword.net\/#website","url":"https:\/\/www.the-sword.net\/","name":"The Sword","description":"Billard ist mehr als ein Spiel \u2013 es ist Gef\u00fchl, Fokus und der perfekte Moment. Genau daf\u00fcr entwickeln wir hochwertiges Billardzubeh\u00f6r und innovative Trainingswerkzeuge, die aus echter Leidenschaft entstanden sind. F\u00fcr alle, die ihr Spiel nicht dem Zufall \u00fcberlassen, sondern sich mit jedem Sto\u00df verbessern wollen.","publisher":{"@id":"https:\/\/www.the-sword.net\/#organization"},"potentialAction":[{"@type":"SearchAction","target":{"@type":"EntryPoint","urlTemplate":"https:\/\/www.the-sword.net\/?s={search_term_string}"},"query-input":{"@type":"PropertyValueSpecification","valueRequired":true,"valueName":"search_term_string"}}],"inLanguage":"de"},{"@type":"Organization","@id":"https:\/\/www.the-sword.net\/#organization","name":"The Sword","url":"https:\/\/www.the-sword.net\/","logo":{"@type":"ImageObject","inLanguage":"de","@id":"https:\/\/www.the-sword.net\/#\/schema\/logo\/image\/","url":"https:\/\/www.the-sword.net\/wp-content\/uploads\/2026\/02\/cropped-TheSword_20260127_Rund_Icon_ganzKlein.png","contentUrl":"https:\/\/www.the-sword.net\/wp-content\/uploads\/2026\/02\/cropped-TheSword_20260127_Rund_Icon_ganzKlein.png","width":180,"height":82,"caption":"The Sword"},"image":{"@id":"https:\/\/www.the-sword.net\/#\/schema\/logo\/image\/"},"sameAs":["https:\/\/www.facebook.com\/profile.php?id=61587312563853","https:\/\/www.instagram.com\/the.sword71\/"]}]}},"_links":{"self":[{"href":"https:\/\/www.the-sword.net\/index.php\/wp-json\/wp\/v2\/pages\/10","targetHints":{"allow":["GET"]}}],"collection":[{"href":"https:\/\/www.the-sword.net\/index.php\/wp-json\/wp\/v2\/pages"}],"about":[{"href":"https:\/\/www.the-sword.net\/index.php\/wp-json\/wp\/v2\/types\/page"}],"author":[{"embeddable":true,"href":"https:\/\/www.the-sword.net\/index.php\/wp-json\/wp\/v2\/users\/1"}],"replies":[{"embeddable":true,"href":"https:\/\/www.the-sword.net\/index.php\/wp-json\/wp\/v2\/comments?post=10"}],"version-history":[{"count":2,"href":"https:\/\/www.the-sword.net\/index.php\/wp-json\/wp\/v2\/pages\/10\/revisions"}],"predecessor-version":[{"id":510,"href":"https:\/\/www.the-sword.net\/index.php\/wp-json\/wp\/v2\/pages\/10\/revisions\/510"}],"wp:attachment":[{"href":"https:\/\/www.the-sword.net\/index.php\/wp-json\/wp\/v2\/media?parent=10"}],"curies":[{"name":"wp","href":"https:\/\/api.w.org\/{rel}","templated":true}]}}