{"id":198,"date":"2026-02-08T20:19:31","date_gmt":"2026-02-08T19:19:31","guid":{"rendered":"https:\/\/the-sword.net\/?page_id=198"},"modified":"2026-02-08T20:26:58","modified_gmt":"2026-02-08T19:26:58","slug":"impressum","status":"publish","type":"page","link":"https:\/\/www.the-sword.net\/index.php\/impressum\/","title":{"rendered":"Impressum &#8211; The Sword"},"content":{"rendered":"\n<p><strong>Angaben gem\u00e4\u00df \u00a7 5 TMG:<\/strong><\/p>\n\n\n\n<p><strong>The Sword<\/strong><br>Inhaber: Kemal Kilic<br>E-Mail: <a href=\"mailto:info@the-sword.de\">info@the-sword.de<\/a><br>Deutschland<\/p>\n\n\n\n<p><strong>Kontakt:<\/strong><br>E-Mail: <a>support@the-sword.de<\/a><\/p>\n\n\n\n<p><strong>Umsatzsteuer-ID:<\/strong><br>Umsatzsteuer-Identifikationsnummer gem\u00e4\u00df \u00a727 a Umsatzsteuergesetz: [wird nachgetragen]<\/p>\n\n\n\n<p><strong>Verantwortlich f\u00fcr den Inhalt nach \u00a7 55 Abs. 2 RStV:<\/strong><br>Inhaber: Kemal Kilic<br>E-Mail: <a href=\"mailto:info@the-sword.de\">info@the-sword.de<\/a><br>Deutschland<\/p>\n\n\n\n<p><strong>Online-Shop:<\/strong> <a>www.the-sword.de<\/a><\/p>\n\n\n\n<p><\/p>\n","protected":false},"excerpt":{"rendered":"<p>Angaben gem\u00e4\u00df \u00a7 5 TMG: The SwordInhaber: Kemal KilicE-Mail: info@the-sword.deDeutschland Kontakt:E-Mail: support@the-sword.de Umsatzsteuer-ID:Umsatzsteuer-Identifikationsnummer gem\u00e4\u00df \u00a727 a Umsatzsteuergesetz: [wird nachgetragen] Verantwortlich f\u00fcr den Inhalt nach \u00a7 55 Abs. 2 RStV:Inhaber: Kemal KilicE-Mail: info@the-sword.deDeutschland Online-Shop: www.the-sword.de<\/p>\n","protected":false},"author":1,"featured_media":0,"parent":0,"menu_order":0,"comment_status":"closed","ping_status":"closed","template":"","meta":{"footnotes":""},"class_list":["post-198","page","type-page","status-publish","hentry"],"yoast_head":"<!-- This site is optimized with the Yoast SEO plugin v27.2 - https:\/\/yoast.com\/product\/yoast-seo-wordpress\/ -->\n<title>Impressum - The Sword - Andere Produkte und Tipps f\u00fcr Billard<\/title>\n<meta name=\"robots\" content=\"index, follow, max-snippet:-1, max-image-preview:large, max-video-preview:-1\" \/>\n<link rel=\"canonical\" href=\"https:\/\/www.the-sword.net\/index.php\/impressum\/\" \/>\n<meta property=\"og:locale\" content=\"de_DE\" \/>\n<meta property=\"og:type\" content=\"article\" \/>\n<meta property=\"og:title\" content=\"Impressum - The Sword - Andere Produkte und Tipps f\u00fcr Billard\" \/>\n<meta property=\"og:description\" content=\"Angaben gem\u00e4\u00df \u00a7 5 TMG: The SwordInhaber: Kemal KilicE-Mail: info@the-sword.deDeutschland Kontakt:E-Mail: support@the-sword.de Umsatzsteuer-ID:Umsatzsteuer-Identifikationsnummer gem\u00e4\u00df \u00a727 a Umsatzsteuergesetz: [wird nachgetragen] Verantwortlich f\u00fcr den Inhalt nach \u00a7 55 Abs. 2 RStV:Inhaber: Kemal KilicE-Mail: info@the-sword.deDeutschland Online-Shop: www.the-sword.de\" \/>\n<meta property=\"og:url\" content=\"https:\/\/www.the-sword.net\/index.php\/impressum\/\" \/>\n<meta property=\"og:site_name\" content=\"Andere Produkte und Tipps f\u00fcr Billard\" \/>\n<meta property=\"article:publisher\" content=\"https:\/\/www.facebook.com\/profile.php?id=61587312563853\" \/>\n<meta property=\"article:modified_time\" content=\"2026-02-08T19:26:58+00:00\" \/>\n<meta name=\"twitter:card\" content=\"summary_large_image\" \/>\n<meta name=\"twitter:label1\" content=\"Gesch\u00e4tzte Lesezeit\" \/>\n\t<meta name=\"twitter:data1\" content=\"1\u00a0Minute\" \/>\n<script type=\"application\/ld+json\" class=\"yoast-schema-graph\">{\"@context\":\"https:\/\/schema.org\",\"@graph\":[{\"@type\":\"WebPage\",\"@id\":\"https:\/\/www.the-sword.net\/index.php\/impressum\/\",\"url\":\"https:\/\/www.the-sword.net\/index.php\/impressum\/\",\"name\":\"Impressum - The Sword - Andere Produkte und Tipps f\u00fcr Billard\",\"isPartOf\":{\"@id\":\"https:\/\/www.the-sword.net\/#website\"},\"datePublished\":\"2026-02-08T19:19:31+00:00\",\"dateModified\":\"2026-02-08T19:26:58+00:00\",\"breadcrumb\":{\"@id\":\"https:\/\/www.the-sword.net\/index.php\/impressum\/#breadcrumb\"},\"inLanguage\":\"de\",\"potentialAction\":[{\"@type\":\"ReadAction\",\"target\":[\"https:\/\/www.the-sword.net\/index.php\/impressum\/\"]}]},{\"@type\":\"BreadcrumbList\",\"@id\":\"https:\/\/www.the-sword.net\/index.php\/impressum\/#breadcrumb\",\"itemListElement\":[{\"@type\":\"ListItem\",\"position\":1,\"name\":\"Start\",\"item\":\"https:\/\/www.the-sword.net\/\"},{\"@type\":\"ListItem\",\"position\":2,\"name\":\"Impressum &#8211; The Sword\"}]},{\"@type\":\"WebSite\",\"@id\":\"https:\/\/www.the-sword.net\/#website\",\"url\":\"https:\/\/www.the-sword.net\/\",\"name\":\"The Sword\",\"description\":\"Billard ist mehr als ein Spiel \u2013 es ist Gef\u00fchl, Fokus und der perfekte Moment. Genau daf\u00fcr entwickeln wir hochwertiges Billardzubeh\u00f6r und innovative Trainingswerkzeuge, die aus echter Leidenschaft entstanden sind. F\u00fcr alle, die ihr Spiel nicht dem Zufall \u00fcberlassen, sondern sich mit jedem Sto\u00df verbessern wollen.\",\"publisher\":{\"@id\":\"https:\/\/www.the-sword.net\/#organization\"},\"potentialAction\":[{\"@type\":\"SearchAction\",\"target\":{\"@type\":\"EntryPoint\",\"urlTemplate\":\"https:\/\/www.the-sword.net\/?s={search_term_string}\"},\"query-input\":{\"@type\":\"PropertyValueSpecification\",\"valueRequired\":true,\"valueName\":\"search_term_string\"}}],\"inLanguage\":\"de\"},{\"@type\":\"Organization\",\"@id\":\"https:\/\/www.the-sword.net\/#organization\",\"name\":\"The Sword\",\"url\":\"https:\/\/www.the-sword.net\/\",\"logo\":{\"@type\":\"ImageObject\",\"inLanguage\":\"de\",\"@id\":\"https:\/\/www.the-sword.net\/#\/schema\/logo\/image\/\",\"url\":\"https:\/\/www.the-sword.net\/wp-content\/uploads\/2026\/02\/cropped-TheSword_20260127_Rund_Icon_ganzKlein.png\",\"contentUrl\":\"https:\/\/www.the-sword.net\/wp-content\/uploads\/2026\/02\/cropped-TheSword_20260127_Rund_Icon_ganzKlein.png\",\"width\":180,\"height\":82,\"caption\":\"The Sword\"},\"image\":{\"@id\":\"https:\/\/www.the-sword.net\/#\/schema\/logo\/image\/\"},\"sameAs\":[\"https:\/\/www.facebook.com\/profile.php?id=61587312563853\",\"https:\/\/www.instagram.com\/the.sword71\/\"]}]}<\/script>\n<!-- \/ Yoast SEO plugin. -->","yoast_head_json":{"title":"Impressum - The Sword - Andere Produkte und Tipps f\u00fcr Billard","robots":{"index":"index","follow":"follow","max-snippet":"max-snippet:-1","max-image-preview":"max-image-preview:large","max-video-preview":"max-video-preview:-1"},"canonical":"https:\/\/www.the-sword.net\/index.php\/impressum\/","og_locale":"de_DE","og_type":"article","og_title":"Impressum - The Sword - Andere Produkte und Tipps f\u00fcr Billard","og_description":"Angaben gem\u00e4\u00df \u00a7 5 TMG: The SwordInhaber: Kemal KilicE-Mail: info@the-sword.deDeutschland Kontakt:E-Mail: support@the-sword.de Umsatzsteuer-ID:Umsatzsteuer-Identifikationsnummer gem\u00e4\u00df \u00a727 a Umsatzsteuergesetz: [wird nachgetragen] Verantwortlich f\u00fcr den Inhalt nach \u00a7 55 Abs. 2 RStV:Inhaber: Kemal KilicE-Mail: info@the-sword.deDeutschland Online-Shop: www.the-sword.de","og_url":"https:\/\/www.the-sword.net\/index.php\/impressum\/","og_site_name":"Andere Produkte und Tipps f\u00fcr Billard","article_publisher":"https:\/\/www.facebook.com\/profile.php?id=61587312563853","article_modified_time":"2026-02-08T19:26:58+00:00","twitter_card":"summary_large_image","twitter_misc":{"Gesch\u00e4tzte Lesezeit":"1\u00a0Minute"},"schema":{"@context":"https:\/\/schema.org","@graph":[{"@type":"WebPage","@id":"https:\/\/www.the-sword.net\/index.php\/impressum\/","url":"https:\/\/www.the-sword.net\/index.php\/impressum\/","name":"Impressum - The Sword - Andere Produkte und Tipps f\u00fcr Billard","isPartOf":{"@id":"https:\/\/www.the-sword.net\/#website"},"datePublished":"2026-02-08T19:19:31+00:00","dateModified":"2026-02-08T19:26:58+00:00","breadcrumb":{"@id":"https:\/\/www.the-sword.net\/index.php\/impressum\/#breadcrumb"},"inLanguage":"de","potentialAction":[{"@type":"ReadAction","target":["https:\/\/www.the-sword.net\/index.php\/impressum\/"]}]},{"@type":"BreadcrumbList","@id":"https:\/\/www.the-sword.net\/index.php\/impressum\/#breadcrumb","itemListElement":[{"@type":"ListItem","position":1,"name":"Start","item":"https:\/\/www.the-sword.net\/"},{"@type":"ListItem","position":2,"name":"Impressum &#8211; The Sword"}]},{"@type":"WebSite","@id":"https:\/\/www.the-sword.net\/#website","url":"https:\/\/www.the-sword.net\/","name":"The Sword","description":"Billard ist mehr als ein Spiel \u2013 es ist Gef\u00fchl, Fokus und der perfekte Moment. Genau daf\u00fcr entwickeln wir hochwertiges Billardzubeh\u00f6r und innovative Trainingswerkzeuge, die aus echter Leidenschaft entstanden sind. F\u00fcr alle, die ihr Spiel nicht dem Zufall \u00fcberlassen, sondern sich mit jedem Sto\u00df verbessern wollen.","publisher":{"@id":"https:\/\/www.the-sword.net\/#organization"},"potentialAction":[{"@type":"SearchAction","target":{"@type":"EntryPoint","urlTemplate":"https:\/\/www.the-sword.net\/?s={search_term_string}"},"query-input":{"@type":"PropertyValueSpecification","valueRequired":true,"valueName":"search_term_string"}}],"inLanguage":"de"},{"@type":"Organization","@id":"https:\/\/www.the-sword.net\/#organization","name":"The Sword","url":"https:\/\/www.the-sword.net\/","logo":{"@type":"ImageObject","inLanguage":"de","@id":"https:\/\/www.the-sword.net\/#\/schema\/logo\/image\/","url":"https:\/\/www.the-sword.net\/wp-content\/uploads\/2026\/02\/cropped-TheSword_20260127_Rund_Icon_ganzKlein.png","contentUrl":"https:\/\/www.the-sword.net\/wp-content\/uploads\/2026\/02\/cropped-TheSword_20260127_Rund_Icon_ganzKlein.png","width":180,"height":82,"caption":"The Sword"},"image":{"@id":"https:\/\/www.the-sword.net\/#\/schema\/logo\/image\/"},"sameAs":["https:\/\/www.facebook.com\/profile.php?id=61587312563853","https:\/\/www.instagram.com\/the.sword71\/"]}]}},"_links":{"self":[{"href":"https:\/\/www.the-sword.net\/index.php\/wp-json\/wp\/v2\/pages\/198","targetHints":{"allow":["GET"]}}],"collection":[{"href":"https:\/\/www.the-sword.net\/index.php\/wp-json\/wp\/v2\/pages"}],"about":[{"href":"https:\/\/www.the-sword.net\/index.php\/wp-json\/wp\/v2\/types\/page"}],"author":[{"embeddable":true,"href":"https:\/\/www.the-sword.net\/index.php\/wp-json\/wp\/v2\/users\/1"}],"replies":[{"embeddable":true,"href":"https:\/\/www.the-sword.net\/index.php\/wp-json\/wp\/v2\/comments?post=198"}],"version-history":[{"count":2,"href":"https:\/\/www.the-sword.net\/index.php\/wp-json\/wp\/v2\/pages\/198\/revisions"}],"predecessor-version":[{"id":203,"href":"https:\/\/www.the-sword.net\/index.php\/wp-json\/wp\/v2\/pages\/198\/revisions\/203"}],"wp:attachment":[{"href":"https:\/\/www.the-sword.net\/index.php\/wp-json\/wp\/v2\/media?parent=198"}],"curies":[{"name":"wp","href":"https:\/\/api.w.org\/{rel}","templated":true}]}}