{"id":24,"date":"2026-02-07T21:52:23","date_gmt":"2026-02-07T20:52:23","guid":{"rendered":"https:\/\/the-sword.net\/index.php\/home\/"},"modified":"2026-03-02T20:07:09","modified_gmt":"2026-03-02T19:07:09","slug":"home","status":"publish","type":"page","link":"https:\/\/www.the-sword.net\/","title":{"rendered":"Home"},"content":{"rendered":"\n<p>Billard ist mehr als nur ein Spiel \u2013 es geht um Gef\u00fchl, Konzentration und den perfekten Moment. Genau deshalb entwickeln wir aus echter Leidenschaft hochwertiges Billardzubeh\u00f6r und innovative Trainingsger\u00e4te. F\u00fcr alle, die ihr Spiel nicht dem Zufall \u00fcberlassen, sondern sich mit jedem Sto\u00df verbessern wollen.<\/p>\n\n\n\n<p>  <\/p>\n","protected":false},"excerpt":{"rendered":"<p>Billard ist mehr als nur ein Spiel \u2013 es geht um Gef\u00fchl, Konzentration und den perfekten Moment. Genau deshalb entwickeln wir aus echter Leidenschaft hochwertiges Billardzubeh\u00f6r und innovative Trainingsger\u00e4te. F\u00fcr alle, die ihr Spiel nicht dem Zufall \u00fcberlassen, sondern sich mit jedem Sto\u00df verbessern wollen.<\/p>\n","protected":false},"author":1,"featured_media":80,"parent":0,"menu_order":0,"comment_status":"closed","ping_status":"closed","template":"","meta":{"footnotes":""},"class_list":["post-24","page","type-page","status-publish","has-post-thumbnail","hentry"],"yoast_head":"<!-- This site is optimized with the Yoast SEO plugin v27.2 - https:\/\/yoast.com\/product\/yoast-seo-wordpress\/ -->\n<title>Home - Andere Produkte und Tipps f\u00fcr Billard<\/title>\n<meta name=\"description\" content=\"Mit durchdachtem Billardzubeh\u00f6r und eigens entwickelten Trainingswerkzeugen unterst\u00fctzen wir Technik, Gef\u00fchl und Konstanz zu vereinen. Weil Fortschritt kein Zufall ist \u2013 sondern das Ergebnis von richtigem Billard Training.\" \/>\n<meta name=\"robots\" content=\"index, follow, max-snippet:-1, max-image-preview:large, max-video-preview:-1\" \/>\n<link rel=\"canonical\" href=\"https:\/\/www.the-sword.net\/index.php\" \/>\n<meta property=\"og:locale\" content=\"de_DE\" \/>\n<meta property=\"og:type\" content=\"article\" \/>\n<meta property=\"og:title\" content=\"Home - Andere Produkte und Tipps f\u00fcr Billard\" \/>\n<meta property=\"og:description\" content=\"Mit durchdachtem Billardzubeh\u00f6r und eigens entwickelten Trainingswerkzeugen unterst\u00fctzen wir Technik, Gef\u00fchl und Konstanz zu vereinen. Weil Fortschritt kein Zufall ist \u2013 sondern das Ergebnis von richtigem Billard Training.\" \/>\n<meta property=\"og:url\" content=\"https:\/\/www.the-sword.net\/index.php\" \/>\n<meta property=\"og:site_name\" content=\"Andere Produkte und Tipps f\u00fcr Billard\" \/>\n<meta property=\"article:publisher\" content=\"https:\/\/www.facebook.com\/profile.php?id=61587312563853\" \/>\n<meta property=\"article:modified_time\" content=\"2026-03-02T19:07:09+00:00\" \/>\n<meta property=\"og:image\" content=\"https:\/\/www.the-sword.net\/wp-content\/uploads\/2026\/02\/Hintergrund.jpg\" \/>\n\t<meta property=\"og:image:width\" content=\"1920\" \/>\n\t<meta property=\"og:image:height\" content=\"1199\" \/>\n\t<meta property=\"og:image:type\" content=\"image\/jpeg\" \/>\n<meta name=\"twitter:card\" content=\"summary_large_image\" \/>\n<meta name=\"twitter:label1\" content=\"Gesch\u00e4tzte Lesezeit\" \/>\n\t<meta name=\"twitter:data1\" content=\"1\u00a0Minute\" \/>\n<script type=\"application\/ld+json\" class=\"yoast-schema-graph\">{\"@context\":\"https:\/\/schema.org\",\"@graph\":[{\"@type\":\"WebPage\",\"@id\":\"https:\/\/www.the-sword.net\/\",\"url\":\"https:\/\/www.the-sword.net\/index.php\",\"name\":\"Home - Andere Produkte und Tipps f\u00fcr Billard\",\"isPartOf\":{\"@id\":\"https:\/\/www.the-sword.net\/#website\"},\"primaryImageOfPage\":{\"@id\":\"https:\/\/www.the-sword.net\/index.php#primaryimage\"},\"image\":{\"@id\":\"https:\/\/www.the-sword.net\/index.php#primaryimage\"},\"thumbnailUrl\":\"https:\/\/www.the-sword.net\/wp-content\/uploads\/2026\/02\/Hintergrund.jpg\",\"datePublished\":\"2026-02-07T20:52:23+00:00\",\"dateModified\":\"2026-03-02T19:07:09+00:00\",\"description\":\"Mit durchdachtem Billardzubeh\u00f6r und eigens entwickelten Trainingswerkzeugen unterst\u00fctzen wir Technik, Gef\u00fchl und Konstanz zu vereinen. Weil Fortschritt kein Zufall ist \u2013 sondern das Ergebnis von richtigem Billard Training.\",\"breadcrumb\":{\"@id\":\"https:\/\/www.the-sword.net\/index.php#breadcrumb\"},\"inLanguage\":\"de\",\"potentialAction\":[{\"@type\":\"ReadAction\",\"target\":[\"https:\/\/www.the-sword.net\/index.php\"]}]},{\"@type\":\"ImageObject\",\"inLanguage\":\"de\",\"@id\":\"https:\/\/www.the-sword.net\/index.php#primaryimage\",\"url\":\"https:\/\/www.the-sword.net\/wp-content\/uploads\/2026\/02\/Hintergrund.jpg\",\"contentUrl\":\"https:\/\/www.the-sword.net\/wp-content\/uploads\/2026\/02\/Hintergrund.jpg\",\"width\":1920,\"height\":1199},{\"@type\":\"BreadcrumbList\",\"@id\":\"https:\/\/www.the-sword.net\/index.php#breadcrumb\",\"itemListElement\":[{\"@type\":\"ListItem\",\"position\":1,\"name\":\"Start\",\"item\":\"https:\/\/www.the-sword.net\/\"},{\"@type\":\"ListItem\",\"position\":2,\"name\":\"Home\"}]},{\"@type\":\"WebSite\",\"@id\":\"https:\/\/www.the-sword.net\/#website\",\"url\":\"https:\/\/www.the-sword.net\/\",\"name\":\"The Sword\",\"description\":\"Billard ist mehr als ein Spiel \u2013 es ist Gef\u00fchl, Fokus und der perfekte Moment. Genau daf\u00fcr entwickeln wir hochwertiges Billardzubeh\u00f6r und innovative Trainingswerkzeuge, die aus echter Leidenschaft entstanden sind. F\u00fcr alle, die ihr Spiel nicht dem Zufall \u00fcberlassen, sondern sich mit jedem Sto\u00df verbessern wollen.\",\"publisher\":{\"@id\":\"https:\/\/www.the-sword.net\/#organization\"},\"potentialAction\":[{\"@type\":\"SearchAction\",\"target\":{\"@type\":\"EntryPoint\",\"urlTemplate\":\"https:\/\/www.the-sword.net\/?s={search_term_string}\"},\"query-input\":{\"@type\":\"PropertyValueSpecification\",\"valueRequired\":true,\"valueName\":\"search_term_string\"}}],\"inLanguage\":\"de\"},{\"@type\":\"Organization\",\"@id\":\"https:\/\/www.the-sword.net\/#organization\",\"name\":\"The Sword\",\"url\":\"https:\/\/www.the-sword.net\/\",\"logo\":{\"@type\":\"ImageObject\",\"inLanguage\":\"de\",\"@id\":\"https:\/\/www.the-sword.net\/#\/schema\/logo\/image\/\",\"url\":\"https:\/\/www.the-sword.net\/wp-content\/uploads\/2026\/02\/cropped-TheSword_20260127_Rund_Icon_ganzKlein.png\",\"contentUrl\":\"https:\/\/www.the-sword.net\/wp-content\/uploads\/2026\/02\/cropped-TheSword_20260127_Rund_Icon_ganzKlein.png\",\"width\":180,\"height\":82,\"caption\":\"The Sword\"},\"image\":{\"@id\":\"https:\/\/www.the-sword.net\/#\/schema\/logo\/image\/\"},\"sameAs\":[\"https:\/\/www.facebook.com\/profile.php?id=61587312563853\",\"https:\/\/www.instagram.com\/the.sword71\/\"]}]}<\/script>\n<!-- \/ Yoast SEO plugin. -->","yoast_head_json":{"title":"Home - Andere Produkte und Tipps f\u00fcr Billard","description":"Mit durchdachtem Billardzubeh\u00f6r und eigens entwickelten Trainingswerkzeugen unterst\u00fctzen wir Technik, Gef\u00fchl und Konstanz zu vereinen. Weil Fortschritt kein Zufall ist \u2013 sondern das Ergebnis von richtigem Billard Training.","robots":{"index":"index","follow":"follow","max-snippet":"max-snippet:-1","max-image-preview":"max-image-preview:large","max-video-preview":"max-video-preview:-1"},"canonical":"https:\/\/www.the-sword.net\/index.php","og_locale":"de_DE","og_type":"article","og_title":"Home - Andere Produkte und Tipps f\u00fcr Billard","og_description":"Mit durchdachtem Billardzubeh\u00f6r und eigens entwickelten Trainingswerkzeugen unterst\u00fctzen wir Technik, Gef\u00fchl und Konstanz zu vereinen. Weil Fortschritt kein Zufall ist \u2013 sondern das Ergebnis von richtigem Billard Training.","og_url":"https:\/\/www.the-sword.net\/index.php","og_site_name":"Andere Produkte und Tipps f\u00fcr Billard","article_publisher":"https:\/\/www.facebook.com\/profile.php?id=61587312563853","article_modified_time":"2026-03-02T19:07:09+00:00","og_image":[{"width":1920,"height":1199,"url":"https:\/\/www.the-sword.net\/wp-content\/uploads\/2026\/02\/Hintergrund.jpg","type":"image\/jpeg"}],"twitter_card":"summary_large_image","twitter_misc":{"Gesch\u00e4tzte Lesezeit":"1\u00a0Minute"},"schema":{"@context":"https:\/\/schema.org","@graph":[{"@type":"WebPage","@id":"https:\/\/www.the-sword.net\/","url":"https:\/\/www.the-sword.net\/index.php","name":"Home - Andere Produkte und Tipps f\u00fcr Billard","isPartOf":{"@id":"https:\/\/www.the-sword.net\/#website"},"primaryImageOfPage":{"@id":"https:\/\/www.the-sword.net\/index.php#primaryimage"},"image":{"@id":"https:\/\/www.the-sword.net\/index.php#primaryimage"},"thumbnailUrl":"https:\/\/www.the-sword.net\/wp-content\/uploads\/2026\/02\/Hintergrund.jpg","datePublished":"2026-02-07T20:52:23+00:00","dateModified":"2026-03-02T19:07:09+00:00","description":"Mit durchdachtem Billardzubeh\u00f6r und eigens entwickelten Trainingswerkzeugen unterst\u00fctzen wir Technik, Gef\u00fchl und Konstanz zu vereinen. Weil Fortschritt kein Zufall ist \u2013 sondern das Ergebnis von richtigem Billard Training.","breadcrumb":{"@id":"https:\/\/www.the-sword.net\/index.php#breadcrumb"},"inLanguage":"de","potentialAction":[{"@type":"ReadAction","target":["https:\/\/www.the-sword.net\/index.php"]}]},{"@type":"ImageObject","inLanguage":"de","@id":"https:\/\/www.the-sword.net\/index.php#primaryimage","url":"https:\/\/www.the-sword.net\/wp-content\/uploads\/2026\/02\/Hintergrund.jpg","contentUrl":"https:\/\/www.the-sword.net\/wp-content\/uploads\/2026\/02\/Hintergrund.jpg","width":1920,"height":1199},{"@type":"BreadcrumbList","@id":"https:\/\/www.the-sword.net\/index.php#breadcrumb","itemListElement":[{"@type":"ListItem","position":1,"name":"Start","item":"https:\/\/www.the-sword.net\/"},{"@type":"ListItem","position":2,"name":"Home"}]},{"@type":"WebSite","@id":"https:\/\/www.the-sword.net\/#website","url":"https:\/\/www.the-sword.net\/","name":"The Sword","description":"Billard ist mehr als ein Spiel \u2013 es ist Gef\u00fchl, Fokus und der perfekte Moment. Genau daf\u00fcr entwickeln wir hochwertiges Billardzubeh\u00f6r und innovative Trainingswerkzeuge, die aus echter Leidenschaft entstanden sind. F\u00fcr alle, die ihr Spiel nicht dem Zufall \u00fcberlassen, sondern sich mit jedem Sto\u00df verbessern wollen.","publisher":{"@id":"https:\/\/www.the-sword.net\/#organization"},"potentialAction":[{"@type":"SearchAction","target":{"@type":"EntryPoint","urlTemplate":"https:\/\/www.the-sword.net\/?s={search_term_string}"},"query-input":{"@type":"PropertyValueSpecification","valueRequired":true,"valueName":"search_term_string"}}],"inLanguage":"de"},{"@type":"Organization","@id":"https:\/\/www.the-sword.net\/#organization","name":"The Sword","url":"https:\/\/www.the-sword.net\/","logo":{"@type":"ImageObject","inLanguage":"de","@id":"https:\/\/www.the-sword.net\/#\/schema\/logo\/image\/","url":"https:\/\/www.the-sword.net\/wp-content\/uploads\/2026\/02\/cropped-TheSword_20260127_Rund_Icon_ganzKlein.png","contentUrl":"https:\/\/www.the-sword.net\/wp-content\/uploads\/2026\/02\/cropped-TheSword_20260127_Rund_Icon_ganzKlein.png","width":180,"height":82,"caption":"The Sword"},"image":{"@id":"https:\/\/www.the-sword.net\/#\/schema\/logo\/image\/"},"sameAs":["https:\/\/www.facebook.com\/profile.php?id=61587312563853","https:\/\/www.instagram.com\/the.sword71\/"]}]}},"_links":{"self":[{"href":"https:\/\/www.the-sword.net\/index.php\/wp-json\/wp\/v2\/pages\/24","targetHints":{"allow":["GET"]}}],"collection":[{"href":"https:\/\/www.the-sword.net\/index.php\/wp-json\/wp\/v2\/pages"}],"about":[{"href":"https:\/\/www.the-sword.net\/index.php\/wp-json\/wp\/v2\/types\/page"}],"author":[{"embeddable":true,"href":"https:\/\/www.the-sword.net\/index.php\/wp-json\/wp\/v2\/users\/1"}],"replies":[{"embeddable":true,"href":"https:\/\/www.the-sword.net\/index.php\/wp-json\/wp\/v2\/comments?post=24"}],"version-history":[{"count":5,"href":"https:\/\/www.the-sword.net\/index.php\/wp-json\/wp\/v2\/pages\/24\/revisions"}],"predecessor-version":[{"id":413,"href":"https:\/\/www.the-sword.net\/index.php\/wp-json\/wp\/v2\/pages\/24\/revisions\/413"}],"wp:featuredmedia":[{"embeddable":true,"href":"https:\/\/www.the-sword.net\/index.php\/wp-json\/wp\/v2\/media\/80"}],"wp:attachment":[{"href":"https:\/\/www.the-sword.net\/index.php\/wp-json\/wp\/v2\/media?parent=24"}],"curies":[{"name":"wp","href":"https:\/\/api.w.org\/{rel}","templated":true}]}}